{"id":15,"date":"2017-01-30T17:08:04","date_gmt":"2017-01-30T17:08:04","guid":{"rendered":"http:\/\/www.cuinesdaro.com\/?page_id=15"},"modified":"2017-02-18T17:57:17","modified_gmt":"2017-02-18T17:57:17","slug":"cocinas","status":"publish","type":"page","link":"https:\/\/www.cuinesdaro.com\/fr\/cocinas\/","title":{"rendered":"Cuisines"},"content":{"rendered":"<h4><span style=\"color: #ffae00;\">LA CUISINE\u2026.LE C\u0152UR DE VOTRE MAISON<\/span><strong><br \/>\n<\/strong><\/h4>\n<p style=\"text-align: justify;\">La cuisine est un point de rencontre, un espace qui prend une grande importance le long de la journ\u00e9e. Sa d\u00e9coration est donc tr\u00e8s importante, c&rsquo;est pourquoi on trouve une grande diversit\u00e9 de styles (am\u00e9ricaine, rustique, moderne, vintage\u2026) ce que permet \u00e0 chacun d&rsquo;adapter sa cuisine \u00e0 son go\u00fbt personnel jusqu&rsquo;au dernier d\u00e9tail.<\/p>\n<h4><span style=\"color: #ffae00;\">CUISINES SUR MESURE<\/span><strong><br \/>\n<\/strong><\/h4>\n<p>Souvent le style de votre cuisine doit s&rsquo;adapter \u00e0 sa grandeur.<\/p>\n<p>Cuines d&rsquo;Aro adapte votre cuisine \u00e0 n&rsquo;importe quel style ind\u00e9pendamment de l&rsquo;espace disponible.<\/p>\n<p style=\"text-align: justify;\">Nous nous adaptons \u00e0 votre budget, en vous offrant une large gamme de prix. Vous trouverez\u00a0 sans aucun doute ce que vous recherchez!<\/p>\n<p style=\"text-align: justify;\">Nous sommes sp\u00e9cialis\u00e9s en cuisines automatis\u00e9es, adaptables et r\u00e9glables en hauteur, l&rsquo;id\u00e9al pour que votre vie au foyer devienne plus facile.<\/p>\n<h4><span style=\"color: #ffae00;\">UNE \u00c9QUIPE PLURIDISCIPLINAIRE \u00c0 VOTRE SERVICE<\/span><strong><br \/>\n<\/strong><\/h4>\n<p style=\"text-align: justify;\">Nous r\u00e9novons enti\u00e8rement votre cuisine gr\u00e2ce \u00e0 notre \u00e9quipe d&rsquo;industriels, coordonnant tous les professionnels (ma\u00e7onnerie, plomberie, menuiserie, menuiserie en aluminium, peinture, nettoyage\u2026.) sans aucun soucis pour vous.<\/p>\n<h4><span style=\"color: #ffae00;\">DISTRIBUTEURS OFFICIELS DE GRANDES MARQUES<\/span><strong><br \/>\n<\/strong><\/h4>\n<p>Nous disposons \u00e9galement de tous les compl\u00e9ments pour \u00e9quiper votre cuisine: tables, chaises, toute sorte d&rsquo;\u00e9lectrom\u00e9nagers, accessoires\u2026.<\/p>\n<p>Nous sommes distributeurs officiels de:<\/p>\n<p>Balay, Bosch, Siemens, Neff, Franke et Silestone<\/p>\n<h4><span style=\"color: #ffae00;\">VOTRE PROJET DU COMMENCEMENT \u00c0 LA FIN<\/span><strong><br \/>\n<\/strong><\/h4>\n<p style=\"text-align: justify;\">Cuines d&rsquo;Aro, nous cr\u00e9ons par ordinateur le design de votre nouvelle cuisine en tirant le meilleur de l&rsquo;espace disponible. Vous verrez votre nouvelle cuisine sur l&rsquo;\u00e9cran, vous pourrez en d\u00e9cider, poser des questions tout en disposant de plusieurs options.<\/p>\n\n\t\t<!-- MasterSlider -->\n\t\t<div id=\"P_MS69e8b0d19d240\" class=\"master-slider-parent msl ms-parent-id-2\" style=\"max-width:100%;\">\n\n\t\t\t\n\t\t\t<!-- MasterSlider Main -->\n\t\t\t<div id=\"MS69e8b0d19d240\" class=\"master-slider ms-skin-default\" >\n\t\t\t\t \t\t\t\t \n\t\t\t\t<div  class=\"ms-slide\" data-delay=\"3\" data-fill-mode=\"fill\"  >\n\t\t\t\t\t<img decoding=\"async\" src=\"https:\/\/www.cuinesdaro.com\/wp-content\/plugins\/master-slider\/public\/assets\/css\/blank.gif\" alt=\"\" title=\"\" data-src=\"https:\/\/www.cuinesdaro.com\/wp-content\/uploads\/2017\/02\/Cuines-01.jpg\" \/>\n\n\n\t<img decoding=\"async\" class=\"ms-thumb\" src=\"https:\/\/www.cuinesdaro.com\/wp-content\/uploads\/2017\/02\/Cuines-01-140x80.jpg\" alt=\"\" \/>\n\t<div class=\"ms-thumb\" ><div class=\"ms-tab-context\"><div class=\"&quot;ms-tab-context&quot;\"><\/div><\/div>\n<\/div>\n\t\t\t\t<\/div>\n\t\t\t\t<div  class=\"ms-slide\" data-delay=\"3\" data-fill-mode=\"fill\"  >\n\t\t\t\t\t<img decoding=\"async\" src=\"https:\/\/www.cuinesdaro.com\/wp-content\/plugins\/master-slider\/public\/assets\/css\/blank.gif\" alt=\"\" title=\"\" data-src=\"https:\/\/www.cuinesdaro.com\/wp-content\/uploads\/2017\/02\/Cuines-02.jpg\" \/>\n\n\n\t<img decoding=\"async\" class=\"ms-thumb\" src=\"https:\/\/www.cuinesdaro.com\/wp-content\/uploads\/2017\/02\/Cuines-02-140x80.jpg\" alt=\"\" \/>\n\t<div class=\"ms-thumb\" ><div class=\"ms-tab-context\"><div class=\"&quot;ms-tab-context&quot;\"><\/div><\/div>\n<\/div>\n\t\t\t\t<\/div>\n\t\t\t\t<div  class=\"ms-slide\" data-delay=\"3\" data-fill-mode=\"fill\"  >\n\t\t\t\t\t<img decoding=\"async\" src=\"https:\/\/www.cuinesdaro.com\/wp-content\/plugins\/master-slider\/public\/assets\/css\/blank.gif\" alt=\"\" title=\"\" data-src=\"https:\/\/www.cuinesdaro.com\/wp-content\/uploads\/2017\/02\/Cuines-03.jpg\" \/>\n\n\n\t<img decoding=\"async\" class=\"ms-thumb\" src=\"https:\/\/www.cuinesdaro.com\/wp-content\/uploads\/2017\/02\/Cuines-03-140x80.jpg\" alt=\"\" \/>\n\t<div class=\"ms-thumb\" ><div class=\"ms-tab-context\"><div class=\"&quot;ms-tab-context&quot;\"><\/div><\/div>\n<\/div>\n\t\t\t\t<\/div>\n\t\t\t\t<div  class=\"ms-slide\" data-delay=\"3\" data-fill-mode=\"fill\"  >\n\t\t\t\t\t<img decoding=\"async\" src=\"https:\/\/www.cuinesdaro.com\/wp-content\/plugins\/master-slider\/public\/assets\/css\/blank.gif\" alt=\"\" title=\"\" data-src=\"https:\/\/www.cuinesdaro.com\/wp-content\/uploads\/2017\/02\/Cuines-04.jpg\" \/>\n\n\n\t<img decoding=\"async\" class=\"ms-thumb\" src=\"https:\/\/www.cuinesdaro.com\/wp-content\/uploads\/2017\/02\/Cuines-04-140x80.jpg\" alt=\"\" \/>\n\t<div class=\"ms-thumb\" ><div class=\"ms-tab-context\"><div class=\"&quot;ms-tab-context&quot;\"><\/div><\/div>\n<\/div>\n\t\t\t\t<\/div>\n\t\t\t\t<div  class=\"ms-slide\" data-delay=\"3\" data-fill-mode=\"fill\"  >\n\t\t\t\t\t<img decoding=\"async\" src=\"https:\/\/www.cuinesdaro.com\/wp-content\/plugins\/master-slider\/public\/assets\/css\/blank.gif\" alt=\"\" title=\"\" data-src=\"https:\/\/www.cuinesdaro.com\/wp-content\/uploads\/2017\/02\/Cuines-05.jpg\" \/>\n\n\n\t<img decoding=\"async\" class=\"ms-thumb\" src=\"https:\/\/www.cuinesdaro.com\/wp-content\/uploads\/2017\/02\/Cuines-05-140x80.jpg\" alt=\"\" \/>\n\t<div class=\"ms-thumb\" ><div class=\"ms-tab-context\"><div class=\"&quot;ms-tab-context&quot;\"><\/div><\/div>\n<\/div>\n\t\t\t\t<\/div>\n\t\t\t\t<div  class=\"ms-slide\" data-delay=\"3\" data-fill-mode=\"fill\"  >\n\t\t\t\t\t<img decoding=\"async\" src=\"https:\/\/www.cuinesdaro.com\/wp-content\/plugins\/master-slider\/public\/assets\/css\/blank.gif\" alt=\"\" title=\"\" data-src=\"https:\/\/www.cuinesdaro.com\/wp-content\/uploads\/2017\/02\/Cuines-06.jpg\" \/>\n\n\n\t<img decoding=\"async\" class=\"ms-thumb\" src=\"https:\/\/www.cuinesdaro.com\/wp-content\/uploads\/2017\/02\/Cuines-06-140x80.jpg\" alt=\"\" \/>\n\t<div class=\"ms-thumb\" ><div class=\"ms-tab-context\"><div class=\"&quot;ms-tab-context&quot;\"><\/div><\/div>\n<\/div>\n\t\t\t\t<\/div>\n\t\t\t\t<div  class=\"ms-slide\" data-delay=\"3\" data-fill-mode=\"fill\"  >\n\t\t\t\t\t<img decoding=\"async\" src=\"https:\/\/www.cuinesdaro.com\/wp-content\/plugins\/master-slider\/public\/assets\/css\/blank.gif\" alt=\"\" title=\"\" data-src=\"https:\/\/www.cuinesdaro.com\/wp-content\/uploads\/2017\/02\/Cuines-07.jpg\" \/>\n\n\n\t<img decoding=\"async\" class=\"ms-thumb\" src=\"https:\/\/www.cuinesdaro.com\/wp-content\/uploads\/2017\/02\/Cuines-07-140x80.jpg\" alt=\"\" \/>\n\t<div class=\"ms-thumb\" ><div class=\"ms-tab-context\"><div class=\"&quot;ms-tab-context&quot;\"><\/div><\/div>\n<\/div>\n\t\t\t\t<\/div>\n\t\t\t\t<div  class=\"ms-slide\" data-delay=\"3\" data-fill-mode=\"fill\"  >\n\t\t\t\t\t<img decoding=\"async\" src=\"https:\/\/www.cuinesdaro.com\/wp-content\/plugins\/master-slider\/public\/assets\/css\/blank.gif\" alt=\"\" title=\"\" data-src=\"https:\/\/www.cuinesdaro.com\/wp-content\/uploads\/2017\/02\/Cuines-08.jpg\" \/>\n\n\n\t<img decoding=\"async\" class=\"ms-thumb\" src=\"https:\/\/www.cuinesdaro.com\/wp-content\/uploads\/2017\/02\/Cuines-08-140x80.jpg\" alt=\"\" \/>\n\t<div class=\"ms-thumb\" ><div class=\"ms-tab-context\"><div class=\"&quot;ms-tab-context&quot;\"><\/div><\/div>\n<\/div>\n\t\t\t\t<\/div>\n\t\t\t\t<div  class=\"ms-slide\" data-delay=\"3\" data-fill-mode=\"fill\"  >\n\t\t\t\t\t<img decoding=\"async\" src=\"https:\/\/www.cuinesdaro.com\/wp-content\/plugins\/master-slider\/public\/assets\/css\/blank.gif\" alt=\"\" title=\"\" data-src=\"https:\/\/www.cuinesdaro.com\/wp-content\/uploads\/2017\/02\/Cuines-09.jpg\" \/>\n\n\n\t<img decoding=\"async\" class=\"ms-thumb\" src=\"https:\/\/www.cuinesdaro.com\/wp-content\/uploads\/2017\/02\/Cuines-09-140x80.jpg\" alt=\"\" \/>\n\t<div class=\"ms-thumb\" ><div class=\"ms-tab-context\"><div class=\"&quot;ms-tab-context&quot;\"><\/div><\/div>\n<\/div>\n\t\t\t\t<\/div>\n\t\t\t\t<div  class=\"ms-slide\" data-delay=\"3\" data-fill-mode=\"fill\"  >\n\t\t\t\t\t<img decoding=\"async\" src=\"https:\/\/www.cuinesdaro.com\/wp-content\/plugins\/master-slider\/public\/assets\/css\/blank.gif\" alt=\"\" title=\"\" data-src=\"https:\/\/www.cuinesdaro.com\/wp-content\/uploads\/2017\/02\/Cuines-10.jpg\" \/>\n\n\n\t<img decoding=\"async\" class=\"ms-thumb\" src=\"https:\/\/www.cuinesdaro.com\/wp-content\/uploads\/2017\/02\/Cuines-10-140x80.jpg\" alt=\"\" \/>\n\t<div class=\"ms-thumb\" ><div class=\"ms-tab-context\"><div class=\"&quot;ms-tab-context&quot;\"><\/div><\/div>\n<\/div>\n\t\t\t\t<\/div>\n\t\t\t\t<div  class=\"ms-slide\" data-delay=\"3\" data-fill-mode=\"fill\"  >\n\t\t\t\t\t<img decoding=\"async\" src=\"https:\/\/www.cuinesdaro.com\/wp-content\/plugins\/master-slider\/public\/assets\/css\/blank.gif\" alt=\"\" title=\"\" data-src=\"https:\/\/www.cuinesdaro.com\/wp-content\/uploads\/2017\/02\/Cuines-11.jpg\" \/>\n\n\n\t<img decoding=\"async\" class=\"ms-thumb\" src=\"https:\/\/www.cuinesdaro.com\/wp-content\/uploads\/2017\/02\/Cuines-11-140x80.jpg\" alt=\"\" \/>\n\t<div class=\"ms-thumb\" ><div class=\"ms-tab-context\"><div class=\"&quot;ms-tab-context&quot;\"><\/div><\/div>\n<\/div>\n\t\t\t\t<\/div>\n\t\t\t\t<div  class=\"ms-slide\" data-delay=\"3\" data-fill-mode=\"fill\"  >\n\t\t\t\t\t<img decoding=\"async\" src=\"https:\/\/www.cuinesdaro.com\/wp-content\/plugins\/master-slider\/public\/assets\/css\/blank.gif\" alt=\"\" title=\"\" data-src=\"https:\/\/www.cuinesdaro.com\/wp-content\/uploads\/2017\/02\/Cuines-12.jpg\" \/>\n\n\n\t<img decoding=\"async\" class=\"ms-thumb\" src=\"https:\/\/www.cuinesdaro.com\/wp-content\/uploads\/2017\/02\/Cuines-12-140x80.jpg\" alt=\"\" \/>\n\t<div class=\"ms-thumb\" ><div class=\"ms-tab-context\"><div class=\"&quot;ms-tab-context&quot;\"><\/div><\/div>\n<\/div>\n\t\t\t\t<\/div>\n\t\t\t\t<div  class=\"ms-slide\" data-delay=\"3\" data-fill-mode=\"fill\"  >\n\t\t\t\t\t<img decoding=\"async\" src=\"https:\/\/www.cuinesdaro.com\/wp-content\/plugins\/master-slider\/public\/assets\/css\/blank.gif\" alt=\"\" title=\"\" data-src=\"https:\/\/www.cuinesdaro.com\/wp-content\/uploads\/2017\/02\/Cuines-13.jpg\" \/>\n\n\n\t<img decoding=\"async\" class=\"ms-thumb\" src=\"https:\/\/www.cuinesdaro.com\/wp-content\/uploads\/2017\/02\/Cuines-13-140x80.jpg\" alt=\"\" \/>\n\t<div class=\"ms-thumb\" ><div class=\"ms-tab-context\"><div class=\"&quot;ms-tab-context&quot;\"><\/div><\/div>\n<\/div>\n\t\t\t\t<\/div>\n\n\t\t\t<\/div>\n\t\t\t<!-- END MasterSlider Main -->\n\n\t\t\t \n\t\t<\/div>\n\t\t<!-- END MasterSlider -->\n\n\t\t<script>\n\t\t(function ( $ ) {\n\t\t\t\"use strict\";\n\n\t\t\t$(function () {\n\t\t\t\tvar masterslider_d240 = new MasterSlider();\n\n\t\t\t\t\/\/ slider controls\n\t\t\t\tmasterslider_d240.control('arrows'     ,{ autohide:true, overVideo:true  });\n\t\t\t\tmasterslider_d240.control('thumblist'  ,{ autohide:false, overVideo:true, dir:'h', speed:17, inset:false, arrows:false, hover:false, customClass:'', align:'bottom',type:'thumbs', margin:5, width:140, height:80, space:5, fillMode:'fill'  });\n\t\t\t\t\/\/ slider setup\n\t\t\t\tmasterslider_d240.setup(\"MS69e8b0d19d240\", {\n\t\t\t\t\t\twidth           : 1200,\n\t\t\t\t\t\theight          : 600,\n\t\t\t\t\t\tminHeight       : 0,\n\t\t\t\t\t\tspace           : 0,\n\t\t\t\t\t\tstart           : 1,\n\t\t\t\t\t\tgrabCursor      : true,\n\t\t\t\t\t\tswipe           : true,\n\t\t\t\t\t\tmouse           : true,\n\t\t\t\t\t\tlayout          : \"boxed\",\n\t\t\t\t\t\twheel           : false,\n\t\t\t\t\t\tautoplay        : true,\n\t\t\t\t\t\tinstantStartLayers:false,\n\t\t\t\t\t\tloop            : true,\n\t\t\t\t\t\tshuffle         : true,\n\t\t\t\t\t\tpreload         : 0,\n\t\t\t\t\t\theightLimit     : true,\n\t\t\t\t\t\tautoHeight      : true,\n\t\t\t\t\t\tsmoothHeight    : true,\n\t\t\t\t\t\tendPause        : false,\n\t\t\t\t\t\toverPause       : true,\n\t\t\t\t\t\tfillMode        : \"fill\",\n\t\t\t\t\t\tcenterControls  : true,\n\t\t\t\t\t\tstartOnAppear   : false,\n\t\t\t\t\t\tlayersMode      : \"center\",\n\t\t\t\t\t\thideLayers      : false,\n\t\t\t\t\t\tfullscreenMargin: 0,\n\t\t\t\t\t\tspeed           : 20,\n\t\t\t\t\t\tdir             : \"h\",\n\t\t\t\t\t\tparallaxMode    : 'swipe',\n\t\t\t\t\t\tview            : \"basic\"\n\t\t\t\t});\n\n\t\t\t\t\n\t\t\t\twindow.masterslider_instances = window.masterslider_instances || [];\n\t\t\t\twindow.masterslider_instances.push( masterslider_d240 );\n\t\t\t });\n\n\t\t})(jQuery);\n\t\t<\/script>","protected":false},"excerpt":{"rendered":"<p>LA CUISINE\u2026.LE C\u0152UR DE VOTRE MAISON La cuisine est un point de rencontre, un espace qui prend une grande importance le long de la journ\u00e9e. Sa d\u00e9coration est donc tr\u00e8s importante, c&rsquo;est pourquoi on trouve une grande diversit\u00e9 de styles (am\u00e9ricaine, rustique, moderne, vintage\u2026) ce que permet \u00e0 chacun d&rsquo;adapter sa cuisine \u00e0 son go\u00fbt personnel jusqu&rsquo;au dernier d\u00e9tail. CUISINES SUR MESURE Souvent le style de votre cuisine doit s&rsquo;adapter \u00e0 sa grandeur. Cuines d&rsquo;Aro adapte votre cuisine \u00e0 n&rsquo;importe quel style ind\u00e9pendamment de l&rsquo;espace disponible. Nous nous adaptons \u00e0 votre budget, en vous offrant une large gamme de prix&#8230;. <\/p>\n","protected":false},"author":1,"featured_media":55,"parent":0,"menu_order":0,"comment_status":"closed","ping_status":"closed","template":"","meta":{"footnotes":""},"class_list":["post-15","page","type-page","status-publish","has-post-thumbnail","hentry"],"_links":{"self":[{"href":"https:\/\/www.cuinesdaro.com\/fr\/wp-json\/wp\/v2\/pages\/15","targetHints":{"allow":["GET"]}}],"collection":[{"href":"https:\/\/www.cuinesdaro.com\/fr\/wp-json\/wp\/v2\/pages"}],"about":[{"href":"https:\/\/www.cuinesdaro.com\/fr\/wp-json\/wp\/v2\/types\/page"}],"author":[{"embeddable":true,"href":"https:\/\/www.cuinesdaro.com\/fr\/wp-json\/wp\/v2\/users\/1"}],"replies":[{"embeddable":true,"href":"https:\/\/www.cuinesdaro.com\/fr\/wp-json\/wp\/v2\/comments?post=15"}],"version-history":[{"count":0,"href":"https:\/\/www.cuinesdaro.com\/fr\/wp-json\/wp\/v2\/pages\/15\/revisions"}],"wp:featuredmedia":[{"embeddable":true,"href":"https:\/\/www.cuinesdaro.com\/fr\/wp-json\/wp\/v2\/media\/55"}],"wp:attachment":[{"href":"https:\/\/www.cuinesdaro.com\/fr\/wp-json\/wp\/v2\/media?parent=15"}],"curies":[{"name":"wp","href":"https:\/\/api.w.org\/{rel}","templated":true}]}}