{"id":19,"date":"2017-01-30T17:09:37","date_gmt":"2017-01-30T17:09:37","guid":{"rendered":"http:\/\/www.cuinesdaro.com\/?page_id=19"},"modified":"2025-07-30T13:52:23","modified_gmt":"2025-07-30T11:52:23","slug":"contacto","status":"publish","type":"page","link":"https:\/\/www.cuinesdaro.com\/fr\/contacto\/","title":{"rendered":"Contacte"},"content":{"rendered":"Si vous avez une id\u00e9e sur une cuisine ou une salle de bain, contactez <strong>Cuines d\u2019Aro<\/strong>. Nous vous aiderons \u00e0 r\u00e9aliser votre projet. Nous faisons des devis, sans engagement, pour le design de votre espace.<\/p>\n<h3 style=\"text-align: center;\">Visitez nous<\/h3>\n<p style=\"text-align: center;\"><a href=\"https:\/\/www.google.com\/maps\/place\/CUINES+D'ARO\/@41.8148809,3.0613224,17z\/data=!3m1!4b1!4m5!3m4!1s0x12bb00dbf4302c6f:0x8a093f36f50a03ed!8m2!3d41.8148809!4d3.0635111\" target=\"_blank\" rel=\"noopener\"><i class=\"fas fa-map-marker-alt\"><\/i> GALERIES ALBATROS, 36 | PLATJA D&rsquo;ARO<\/a><\/p>\n<div class=\"su-gmap su-u-responsive-media-yes\"><iframe loading=\"lazy\" width=\"720\" height=\"420\" src=\"\/\/maps.google.com\/maps?q=Cuines%20d%26%23039%3BAro%20Galeries%20Albatros%2C%20s%2Fn%2C%2017250%20Platja%20d%26%23039%3BAro%2C%20Girona%2C%20Espa%C3%B1a&amp;output=embed&amp;z=15\" title=\"\"><\/iframe><\/div>\n<h3 style=\"text-align: center;\">Contactez-nous<\/h3>\n<p style=\"text-align: center;\"><a href=\"mailto:cuinesdaro@hotmail.com\"><i class=\"fas fa-envelope\"><\/i> cuinesdaro@hotmail.com<\/a>\u00a0 |\u00a0 <a href=\"tel:972825961\"><i class=\"fas fa-phone\"><\/i> 972 82 59 61<\/a><\/p>\n<p style=\"text-align: center;\">Ou remplissez le formulaire ci-dessous. Nous vous r\u00e9pondrons rapidement<\/p>\n\n<div class=\"wpcf7 no-js\" id=\"wpcf7-f292-o2\" lang=\"es-ES\" dir=\"ltr\" data-wpcf7-id=\"292\">\n<div class=\"screen-reader-response\"><p role=\"status\" aria-live=\"polite\" aria-atomic=\"true\"><\/p> <ul><\/ul><\/div>\n<form action=\"\/fr\/wp-json\/wp\/v2\/pages\/19#wpcf7-f292-o2\" method=\"post\" class=\"wpcf7-form init wpcf7-acceptance-as-validation\" aria-label=\"Formulario de contacto\" novalidate=\"novalidate\" data-status=\"init\">\n<fieldset class=\"hidden-fields-container\"><input type=\"hidden\" name=\"_wpcf7\" value=\"292\" \/><input type=\"hidden\" name=\"_wpcf7_version\" value=\"6.1.5\" \/><input type=\"hidden\" name=\"_wpcf7_locale\" value=\"es_ES\" \/><input type=\"hidden\" name=\"_wpcf7_unit_tag\" value=\"wpcf7-f292-o2\" \/><input type=\"hidden\" name=\"_wpcf7_container_post\" value=\"0\" \/><input type=\"hidden\" name=\"_wpcf7_posted_data_hash\" value=\"\" \/>\n<\/fieldset>\n<p>\t\t<div id=\"cf7md-form\" class=\"cf7md-form\">\n\t\t\t<div class=\"mdc-layout-grid\">\n\t\t\t\t<div class=\"mdc-layout-grid__inner\">\n\t\t\t\t\t\t\t\t\t\t\n\t\t\n\t\t<div class=\"cf7md-item cf7md-text mdc-layout-grid__cell mdc-layout-grid__cell--span-6-desktop mdc-layout-grid__cell--span-4-tablet mdc-layout-grid__cell--span-4-phone\">\n\t\t\t<span class=\"wpcf7-form-control-wrap\" data-name=\"your-name\"><input size=\"40\" maxlength=\"400\" class=\"wpcf7-form-control wpcf7-text wpcf7-validates-as-required\" aria-required=\"true\" aria-invalid=\"false\" value=\"\" type=\"text\" name=\"your-name\" \/><\/span>\t\t\t\t\t\t<div style=\"display: none;\" class=\"cf7md-text-html\">\n\t\t\t\t<div class=\"mdc-text-field  mdc-text-field--outlined\">\n\t\t\t\t\t\n\t\t\t\t\t\t\t\t\t\t\t<div class=\"mdc-notched-outline\">\n\t\t\t\t\t\t\t<div class=\"mdc-notched-outline__leading\"><\/div>\n\t\t\t\t\t\t\t<div class=\"mdc-notched-outline__notch\">\n\t\t\t\t\t\t\t\t<label class=\"mdc-floating-label\">NOM<\/label>\n\t\t\t\t\t\t\t<\/div>\n\t\t\t\t\t\t\t<div class=\"mdc-notched-outline__trailing\"><\/div>\n\t\t\t\t\t\t<\/div>\n\t\t\t\t\t\t\t\t\t<\/div>\n\t\t\t<\/div>\n\t\t<\/div>\n\t\t\n<\/p>\n\t\t\n\t\t<div class=\"cf7md-item cf7md-text mdc-layout-grid__cell mdc-layout-grid__cell--span-6-desktop mdc-layout-grid__cell--span-4-tablet mdc-layout-grid__cell--span-4-phone\">\n\t\t\t<span class=\"wpcf7-form-control-wrap\" data-name=\"your-email\"><input size=\"40\" maxlength=\"400\" class=\"wpcf7-form-control wpcf7-email wpcf7-validates-as-required wpcf7-text wpcf7-validates-as-email\" aria-required=\"true\" aria-invalid=\"false\" value=\"\" type=\"email\" name=\"your-email\" \/><\/span>\t\t\t\t\t\t<div style=\"display: none;\" class=\"cf7md-text-html\">\n\t\t\t\t<div class=\"mdc-text-field  mdc-text-field--outlined\">\n\t\t\t\t\t\n\t\t\t\t\t\t\t\t\t\t\t<div class=\"mdc-notched-outline\">\n\t\t\t\t\t\t\t<div class=\"mdc-notched-outline__leading\"><\/div>\n\t\t\t\t\t\t\t<div class=\"mdc-notched-outline__notch\">\n\t\t\t\t\t\t\t\t<label class=\"mdc-floating-label\">COURRIER \u00c9LECTRONIQUE<\/label>\n\t\t\t\t\t\t\t<\/div>\n\t\t\t\t\t\t\t<div class=\"mdc-notched-outline__trailing\"><\/div>\n\t\t\t\t\t\t<\/div>\n\t\t\t\t\t\t\t\t\t<\/div>\n\t\t\t<\/div>\n\t\t<\/div>\n\t\t\n\n\t\t<div class=\"cf7md-item cf7md-textarea mdc-layout-grid__cell mdc-layout-grid__cell--span-12-desktop mdc-layout-grid__cell--span-8-tablet mdc-layout-grid__cell--span-4-phone cf7md-textarea-autosize\">\n\t\t\t<br \/>\n<span class=\"wpcf7-form-control-wrap\" data-name=\"your-message\"><textarea cols=\"40\" rows=\"5\" maxlength=\"2000\" class=\"wpcf7-form-control wpcf7-textarea wpcf7-validates-as-required\" aria-required=\"true\" aria-invalid=\"false\" name=\"your-message\"><\/textarea><\/span>\t\t\t\t\t\t<div style=\"display: none;\" class=\"cf7md-text-html\">\n\t\t\t\t<div class=\"mdc-text-field  mdc-text-field--textarea\">\n\t\t\t\t\t\t\t\t\t\t<div class=\"mdc-notched-outline\">\n\t\t\t\t\t\t<div class=\"mdc-notched-outline__leading\"><\/div>\n\t\t\t\t\t\t<div class=\"mdc-notched-outline__notch\">\n\t\t\t\t\t\t\t<label class=\"mdc-floating-label\">MESSAGE<\/label>\n\t\t\t\t\t\t<\/div>\n\t\t\t\t\t\t<div class=\"mdc-notched-outline__trailing\"><\/div>\n\t\t\t\t\t<\/div>\n\t\t\t\t<\/div>\n\t\t\t<\/div>\n\t\t<\/div>\n\t\t\n<div style=\"display: none;\">\n\t<p><span id=\"wpcf7-69e8b16407c73-wrapper\" class=\"wpcf7-form-control-wrap e-mail-wrap\" ><label for=\"wpcf7-69e8b16407c73-field\" class=\"hp-message\">Por favor, deja este campo vac\u00edo.<\/label><input id=\"wpcf7-69e8b16407c73-field\"  class=\"wpcf7-form-control wpcf7-text\" type=\"text\" name=\"e-mail\" value=\"\" size=\"40\" tabindex=\"-1\" autocomplete=\"new-password\" \/><\/span>\n\t<\/p>\n<\/div>\n\t\t<div class=\"cf7md-item cf7md-accept cf7md-is-wpcf7v5 mdc-layout-grid__cell mdc-layout-grid__cell--span-12-desktop mdc-layout-grid__cell--span-8-tablet mdc-layout-grid__cell--span-4-phone\">\n\t\t\t\t\t\t<span class=\"wpcf7-form-control-wrap\" data-name=\"acceptance-878\"><span class=\"wpcf7-form-control wpcf7-acceptance\"><span class=\"wpcf7-list-item\"><input type=\"checkbox\" name=\"acceptance-878\" value=\"1\" aria-invalid=\"false\" \/><\/span><\/span><\/span>\t\t\t<label class=\"cf7md-accept-label\">J'ai lu et j'accepte la clause d'information sur la protection des donn\u00e9es<\/label>\n\t\t\t<div style=\"display: none;\" class=\"cf7md-checkbox-html\">\n\t\t\t\t<div class=\"mdc-checkbox__background\">\n\t\t\t\t\t<svg class=\"mdc-checkbox__checkmark\" viewBox=\"0 0 24 24\">\n\t\t\t\t\t\t<path class=\"mdc-checkbox__checkmark-path\" fill=\"none\" d=\"M1.73,12.91 8.1,19.28 22.79,4.59\"\/>\n\t\t\t\t\t<\/svg>\n\t\t\t\t\t<div class=\"mdc-checkbox__mixedmark\"><\/div>\n\t\t\t\t<\/div>\n\t\t\t<\/div>\n\t\t\t\t\t<\/div>\n\t\t\n\t\t<div class=\"cf7md-item cf7md-accept cf7md-is-wpcf7v5 mdc-layout-grid__cell mdc-layout-grid__cell--span-12-desktop mdc-layout-grid__cell--span-8-tablet mdc-layout-grid__cell--span-4-phone\">\n\t\t\t\t\t\t<span class=\"wpcf7-form-control-wrap\" data-name=\"acceptance-879\"><span class=\"wpcf7-form-control wpcf7-acceptance\"><span class=\"wpcf7-list-item\"><input type=\"checkbox\" name=\"acceptance-879\" value=\"1\" aria-invalid=\"false\" \/><\/span><\/span><\/span>\t\t\t<label class=\"cf7md-accept-label\">J'autorise le traitement de mes donn\u00e9es afin de recevoir des informations par voie \u00e9lectronique<\/label>\n\t\t\t<div style=\"display: none;\" class=\"cf7md-checkbox-html\">\n\t\t\t\t<div class=\"mdc-checkbox__background\">\n\t\t\t\t\t<svg class=\"mdc-checkbox__checkmark\" viewBox=\"0 0 24 24\">\n\t\t\t\t\t\t<path class=\"mdc-checkbox__checkmark-path\" fill=\"none\" d=\"M1.73,12.91 8.1,19.28 22.79,4.59\"\/>\n\t\t\t\t\t<\/svg>\n\t\t\t\t\t<div class=\"mdc-checkbox__mixedmark\"><\/div>\n\t\t\t\t<\/div>\n\t\t\t<\/div>\n\t\t\t\t\t<\/div>\n\t\t\n<p style=\"text-align: justify; padding: 6px; line-height: 1.0;\"><span style=\"font-size: 8pt;\"><b>Informations de base sur le traitement des donn\u00e9es - R\u00e8glement (UE) 2016\/679<\/b> <b>Cuines d'Aro<\/b> vous informe que les donn\u00e9es personnelles que vous nous fournissez en remplissant ce formulaire seront trait\u00e9es par cette entreprise comme derni\u00e8re responsable de ce web | Le but de la collecte et du traitement des donn\u00e9es personnelles que nous vous demandons est de vous adresser nos publications, promotions de produits et\/ou services et ressources exclusives | En cochant la case d'acceptation, vous donnez votre consentement l\u00e9gitime pour que vos donn\u00e9es soient trait\u00e9es selon les objectifs de ce formulaire d\u00e9crits dans la <a href=\"https:\/\/www.cuinesdaro.com\/politica-de-privacidad\/\" target=\"_blank\" rel=\"noopener\"><strong>politique de confidentialit\u00e9<\/strong><\/a> | En tant qu'utilisateur et int\u00e9ress\u00e9 nous vous informons que les donn\u00e9es que vous nous fournissez seront plac\u00e9es dans les serviteurs de <strong>Estudi 33<\/strong> (fournisseur de email marketing), entreprise qui vous garantit des niveaux de s\u00e9curit\u00e9 ad\u00e9quats (<a href=\"https:\/\/www.estudi33.net\/politica-de-privacitat\/\" target=\"_blank\" rel=\"noopener\"><strong>voir politique de confidentialit\u00e9 de Estudi 33<\/strong><\/a>) | Vous pouvez exercer vos droits d'acc\u00e8s, de rectification, de limitation et de suppression des donn\u00e9es sur <strong><a href=\"mailto:cuinesdaro@hotmail.com\">cuinesdaro@hotmail.com<\/a><\/strong>. | Vous pouvez consulter les informations suppl\u00e9mentaires et d\u00e9taill\u00e9es sur la Protection des Donn\u00e9es dans notre <strong><a href=\"https:\/\/www.cuinesdaro.com\/politica-de-privacidad\/\" target=\"_blank\" rel=\"noopener\">politique de confidentialit\u00e9<\/a>.<\/strong><br \/>\n\t\t<div class=\"cf7md-item cf7md-submit mdc-layout-grid__cell mdc-layout-grid__cell--span-12-desktop mdc-layout-grid__cell--span-8-tablet mdc-layout-grid__cell--span-4-phone\" data-button-style=\"raised\">\n\t\t\t<br \/>\n<input class=\"wpcf7-form-control wpcf7-submit has-spinner\" type=\"submit\" value=\"Envoyer\" \/><br \/>\n\t\t\t<svg class=\"cf7md-spinner\" width=\"25px\" height=\"25px\" viewBox=\"0 0 66 66\" xmlns=\"http:\/\/www.w3.org\/2000\/svg\">\n\t\t\t\t<circle class=\"cf7md-spinner-path\" fill=\"none\" stroke-width=\"6\" stroke-linecap=\"round\" cx=\"33\" cy=\"33\" r=\"30\"><\/circle>\n\t\t\t<\/svg>\n\t\t<\/div>\n\t\t<br \/>\n\t\t\t\t\t\t\t\t\t<\/div>\n\t\t\t<\/div>\n\t\t<\/div>\n\t\t<\/span>\n<\/p><div class=\"wpcf7-response-output\" aria-hidden=\"true\"><\/div>\n<\/form>\n<\/div>","protected":false},"excerpt":{"rendered":"<p>Si vous avez une id\u00e9e sur une cuisine ou une salle de bain, contactez Cuines d\u2019Aro. Nous vous aiderons \u00e0 r\u00e9aliser votre projet. Nous faisons des devis, sans engagement, pour le design de votre espace. Visitez nous GALERIES ALBATROS, 36 | PLATJA D&rsquo;ARO Contactez-nous cuinesdaro@hotmail.com\u00a0 |\u00a0 972 82 59 61 Ou remplissez le formulaire ci-dessous. Nous vous r\u00e9pondrons rapidement<\/p>\n","protected":false},"author":1,"featured_media":0,"parent":0,"menu_order":0,"comment_status":"closed","ping_status":"closed","template":"","meta":{"footnotes":""},"class_list":["post-19","page","type-page","status-publish","hentry"],"_links":{"self":[{"href":"https:\/\/www.cuinesdaro.com\/fr\/wp-json\/wp\/v2\/pages\/19","targetHints":{"allow":["GET"]}}],"collection":[{"href":"https:\/\/www.cuinesdaro.com\/fr\/wp-json\/wp\/v2\/pages"}],"about":[{"href":"https:\/\/www.cuinesdaro.com\/fr\/wp-json\/wp\/v2\/types\/page"}],"author":[{"embeddable":true,"href":"https:\/\/www.cuinesdaro.com\/fr\/wp-json\/wp\/v2\/users\/1"}],"replies":[{"embeddable":true,"href":"https:\/\/www.cuinesdaro.com\/fr\/wp-json\/wp\/v2\/comments?post=19"}],"version-history":[{"count":2,"href":"https:\/\/www.cuinesdaro.com\/fr\/wp-json\/wp\/v2\/pages\/19\/revisions"}],"predecessor-version":[{"id":473,"href":"https:\/\/www.cuinesdaro.com\/fr\/wp-json\/wp\/v2\/pages\/19\/revisions\/473"}],"wp:attachment":[{"href":"https:\/\/www.cuinesdaro.com\/fr\/wp-json\/wp\/v2\/media?parent=19"}],"curies":[{"name":"wp","href":"https:\/\/api.w.org\/{rel}","templated":true}]}}