{"id":202,"date":"2018-06-05T15:02:32","date_gmt":"2018-06-05T13:02:32","guid":{"rendered":"http:\/\/www.cuinesdaro.com\/?page_id=202"},"modified":"2024-02-22T18:02:58","modified_gmt":"2024-02-22T17:02:58","slug":"politica-de-cookies","status":"publish","type":"page","link":"https:\/\/www.cuinesdaro.com\/fr\/politica-de-cookies\/","title":{"rendered":"Politique de cookies"},"content":{"rendered":"<p style=\"text-align: justify;\">Notre site Internet utilise une technologie appel\u00e9e \u00ab\u00a0<strong>cookie<\/strong>\u00ab\u00a0, afin d&rsquo;obtenir des informations sur l&rsquo;utilisation du site Internet, d&rsquo;am\u00e9liorer l&rsquo;exp\u00e9rience utilisateur et d&rsquo;assurer son bon fonctionnement.<\/p>\n<h3>D\u00e9finition des cookies<\/h3>\n<p style=\"text-align: justify;\">Un \u00ab\u00a0<strong>cookie<\/strong>\u00a0\u00bb est un petit texte que les sites Web envoient au navigateur et qui est stock\u00e9 dans le terminal de l&rsquo;utilisateur (ordinateur ou appareil mobile). Ces fichiers sont destin\u00e9s \u00e0 stocker des donn\u00e9es pouvant \u00eatre mises \u00e0 jour et r\u00e9cup\u00e9r\u00e9es par l&rsquo;entit\u00e9 responsable de son installation. Ainsi, chaque fois que l&rsquo;utilisateur visite \u00e0 nouveau le m\u00eame site Web, le navigateur r\u00e9cup\u00e8re le fichier et l&rsquo;envoie au serveur du site Web. Les cookies ont plusieurs fonctions, y compris la collecte d&rsquo;informations sur les pr\u00e9f\u00e9rences de l&rsquo;utilisateur et sa m\u00e9morisation, et en g\u00e9n\u00e9ral, facilitant l&rsquo;utilisation du site Web par l&rsquo;utilisateur, rendant le site plus utile lors de la personnalisation de son contenu.<\/p>\n<h3>Types de cookies<\/h3>\n<p>Les cookies peuvent \u00eatre class\u00e9s en fonction de diff\u00e9rents param\u00e8tres:<\/p>\n<p style=\"text-align: justify;\"><strong>Propri\u00e9t\u00e9<\/strong>: cookies propres et cookies tiers: selon l&rsquo;entit\u00e9 qui g\u00e8re le domaine \u00e0 partir duquel les cookies sont envoy\u00e9s et les donn\u00e9es obtenues sont trait\u00e9es.<\/p>\n<p style=\"text-align: justify;\"><strong>Dur\u00e9e<\/strong>: cookies de session et cookies persistants: selon la dur\u00e9e pendant laquelle ils restent stock\u00e9s dans le terminal de l&rsquo;utilisateur.<\/p>\n<p style=\"text-align: justify;\"><strong>Objet<\/strong>: cookies techniques, cookies de personnalisation, cookies d&rsquo;analyse, cookies publicitaires, cookies publicitaires comportementaux, selon la finalit\u00e9 pour laquelle les donn\u00e9es obtenues sont trait\u00e9es.<\/p>\n<ul>\n<li style=\"text-align: justify;\"><strong>Cookies techniques<\/strong>: ce sont ceux qui permettent \u00e0 l&rsquo;utilisateur de naviguer sur le site Web ou l&rsquo;application et d&rsquo;utiliser les diff\u00e9rentes options ou services qui y existent. Par exemple, contr\u00f4ler le trafic et la communication de donn\u00e9es, identifier la session ou acc\u00e9der aux composants WebPart \u00e0 acc\u00e8s restreint.<\/li>\n<li style=\"text-align: justify;\"><strong>Cookies de personnalisation<\/strong>: ce sont ceux qui permettent \u00e0 l&rsquo;utilisateur d&rsquo;acc\u00e9der au service avec certaines caract\u00e9ristiques g\u00e9n\u00e9rales pr\u00e9d\u00e9finies dans son terminal ou que l&rsquo;utilisateur d\u00e9finit. Par exemple, la langue, le type de navigateur par lequel vous acc\u00e9dez au service ou la conception de contenu s\u00e9lectionn\u00e9e.<\/li>\n<li style=\"text-align: justify;\"><strong>Cookies d&rsquo;analyse<\/strong>: ce sont ceux qui, soit trait\u00e9s par nous ou par des tiers, nous permettent de quantifier le nombre d&rsquo;utilisateurs et d&rsquo;effectuer ainsi une analyse statistique de l&rsquo;utilisation faite par les utilisateurs du service propos\u00e9. Pour ce faire, votre navigation sur notre site est analys\u00e9e afin d&rsquo;am\u00e9liorer l&rsquo;offre de produits ou services que nous vous proposons.<\/li>\n<li style=\"text-align: justify;\"><strong>Cookies publicitaires<\/strong>: ce sont ceux qui permettent la gestion, de la mani\u00e8re la plus efficace possible, des espaces publicitaires que, le cas \u00e9ch\u00e9ant, l&rsquo;\u00e9diteur a inclus dans une page Web, une application ou une plateforme \u00e0 partir de laquelle le service demand\u00e9 est fourni en fonction de crit\u00e8res tels que le contenu modifi\u00e9 ou la fr\u00e9quence \u00e0 laquelle les annonces sont affich\u00e9es.<\/li>\n<li style=\"text-align: justify;\"><strong>Cookies publicitaires comportementaux<\/strong>: ce sont ceux qui permettent la gestion, de la mani\u00e8re la plus efficace possible, des espaces publicitaires que l&rsquo;\u00e9diteur a inclus, le cas \u00e9ch\u00e9ant, dans une page Web, une application ou une plateforme \u00e0 partir de laquelle le service demand\u00e9 est fourni. Ces cookies stockent des informations sur le comportement des utilisateurs obtenues gr\u00e2ce \u00e0 l&rsquo;observation continue de leurs habitudes de navigation, permettant le d\u00e9veloppement d&rsquo;un profil sp\u00e9cifique pour afficher des publicit\u00e9s bas\u00e9es sur celui-ci.<\/li>\n<\/ul>\n<h3>Cookies utilis\u00e9s sur notre site Web<\/h3>\n<p style=\"text-align: justify;\">Notre site Web utilise \u00e0 la fois ses <strong>propres cookies<\/strong>, qui sont ceux envoy\u00e9s \u00e0 votre ordinateur et g\u00e9r\u00e9s exclusivement par nous pour le meilleur fonctionnement du site Web, ainsi que des <strong>cookies tiers<\/strong>, ayant pour fonction de servir d&rsquo;outil d&rsquo;analyse de l&rsquo;interaction des utilisateurs avec notre site web. Nous n&rsquo;utilisons aucun cookie pour le traitement des donn\u00e9es personnelles permettant l&rsquo;identification d&rsquo;individus sp\u00e9cifiques.<\/p>\n<p style=\"text-align: justify;\">Notre site Web utilise \u00e0 la fois des <strong>cookies de session temporaires<\/strong> et des <strong>cookies persistants<\/strong>. Les cookies de session stockent des donn\u00e9es uniquement pendant que l&rsquo;utilisateur acc\u00e8de au web et les cookies persistants stockent des donn\u00e9es dans le terminal afin qu&rsquo;ils soient accessibles et utilis\u00e9s dans plus d&rsquo;une session.<\/p>\n<p style=\"text-align: justify;\">Nous utilisons \u00e9galement des <strong>cookies compl\u00e9mentaires<\/strong> (plug-in) pour \u00e9changer du contenu social.<\/p>\n<h4 style=\"text-align: center;\">Liste des cookies utilis\u00e9s sur notre site Web<\/h4>\n<table class=\"wt-cli-element cookielawinfo-classic cookielawinfo-row-cat-table\"><thead><tr><th scope=\"col\" class=\"cookielawinfo-column-1\">Cookie<\/th><th scope=\"col\" class=\"cookielawinfo-column-2\">Type<\/th><th scope=\"col\" class=\"cookielawinfo-column-3\">Duration<\/th><th scope=\"col\" class=\"cookielawinfo-column-4\">Description<\/th><\/thead><tbody><tr class=\"cookielawinfo-row-cat-title\"><th colspan=\"4\" class=\"cookielawinfo-row-cat-title-head\">Techniques<\/th><\/tr><tr class=\"cookielawinfo-row\"><td class=\"cookielawinfo-column-1\">CookieLawInfoConsent<\/td><td class=\"cookielawinfo-column-2\"><\/td><td class=\"cookielawinfo-column-3\">1 ann\u00e9e<\/td><td class=\"cookielawinfo-column-4\">Enregistre l'\u00e9tat du bouton par d\u00e9faut de la cat\u00e9gorie correspondante. Il fonctionne uniquement en coordination avec le cookie principal.<\/td><\/tr><tr class=\"cookielawinfo-row\"><td class=\"cookielawinfo-column-1\">cookielawinfo-checkbox-preferencias<\/td><td class=\"cookielawinfo-column-2\">1<\/td><td class=\"cookielawinfo-column-3\">1 ann\u00e9e<\/td><td class=\"cookielawinfo-column-4\">Ce cookie est d\u00e9fini par le plugin de consentement de cookie GDPR. Les cookies sont utilis\u00e9s pour stocker le consentement de l'utilisateur pour les cookies dans la cat\u00e9gorie \"Pr\u00e9f\u00e9rences\".<\/td><\/tr><tr class=\"cookielawinfo-row\"><td class=\"cookielawinfo-column-1\">cookielawinfo-checkbox-necessary<\/td><td class=\"cookielawinfo-column-2\">0<\/td><td class=\"cookielawinfo-column-3\">1 ann\u00e9e<\/td><td class=\"cookielawinfo-column-4\">Ce cookie est d\u00e9fini par le plugin GDPR Cookie Consent. Les cookies sont utilis\u00e9s pour stocker le consentement de l'utilisateur pour les cookies dans la cat\u00e9gorie \"N\u00e9cessaire\".<\/td><\/tr><tr class=\"cookielawinfo-row\"><td class=\"cookielawinfo-column-1\">viewed_cookie_policy<\/td><td class=\"cookielawinfo-column-2\">0<\/td><td class=\"cookielawinfo-column-3\">1 ann\u00e9e<\/td><td class=\"cookielawinfo-column-4\">Le cookie est d\u00e9fini par le plugin GDPR Cookie Consent et est utilis\u00e9 pour stocker si l'utilisateur a consenti ou non \u00e0 l'utilisation de cookies. Il ne stocke aucune donn\u00e9e personnelle.<\/td><\/tr><tr class=\"cookielawinfo-row\"><td class=\"cookielawinfo-column-1\">cookielawinfo-checkbox-non-necessary<\/td><td class=\"cookielawinfo-column-2\">0<\/td><td class=\"cookielawinfo-column-3\">1 ann\u00e9e<\/td><td class=\"cookielawinfo-column-4\">Ce cookie est d\u00e9fini par le plugin GDPR Cookie Consent. Est utilis\u00e9 pour stocker le consentement de l'utilisateur pour les cookies dans la cat\u00e9gorie \"Non n\u00e9cessaire\".<\/td><\/tr><tr class=\"cookielawinfo-row-cat-title\"><th colspan=\"4\" class=\"cookielawinfo-row-cat-title-head\">Pr\u00e9f\u00e9rences<\/th><\/tr><tr class=\"cookielawinfo-row\"><td class=\"cookielawinfo-column-1\">qtrans_front_language<\/td><td class=\"cookielawinfo-column-2\">1<\/td><td class=\"cookielawinfo-column-3\">1 ann\u00e9e<\/td><td class=\"cookielawinfo-column-4\">D\u00e9termine la langue pr\u00e9f\u00e9r\u00e9e du visiteur. Permet au site Web de d\u00e9finir la langue pr\u00e9f\u00e9r\u00e9e lors de la rentr\u00e9e du visiteur.<\/td><\/tr><tr class=\"cookielawinfo-row-cat-title\"><th colspan=\"4\" class=\"cookielawinfo-row-cat-title-head\">Non n\u00e9cessaires<\/th><\/tr><tr class=\"cookielawinfo-row\"><td class=\"cookielawinfo-column-1\">test_cookie<\/td><td class=\"cookielawinfo-column-2\">0<\/td><td class=\"cookielawinfo-column-3\">1 ann\u00e9e<\/td><td class=\"cookielawinfo-column-4\">Utilis\u00e9 pour v\u00e9rifier si le navigateur de l'utilisateur prend en charge les cookies.<\/td><\/tr><\/tbody><\/table>\n<h3>Consentement<\/h3>\n<p style=\"text-align: justify;\">L&rsquo;Utilisateur accepte express\u00e9ment, en utilisant ce site Internet, le traitement des informations collect\u00e9es de la mani\u00e8re et aux fins susmentionn\u00e9es. Et il reconna\u00eet \u00e9galement conna\u00eetre la possibilit\u00e9 de refuser le traitement de ces donn\u00e9es ou informations en refusant l&rsquo;utilisation de Cookies en s\u00e9lectionnant les param\u00e8tres appropri\u00e9s \u00e0 cet effet dans votre navigateur. Bien que cette option de blocage des cookies dans votre navigateur puisse ne pas vous permettre d&rsquo;utiliser pleinement toutes les fonctionnalit\u00e9s du site Web.<\/p>\n<h3>Retrait du consentement<\/h3>\n<p style=\"text-align: justify;\">L&rsquo;utilisateur peut retirer son consentement relatif \u00e0 cette politique de cookies \u00e0 tout moment, pour cela, il devra supprimer les cookies stock\u00e9s sur son \u00e9quipement en utilisant les param\u00e8tres et les configurations de son navigateur Internet.<\/p>\n<h3 id=\"cookies-config\">Modification des param\u00e8tres des cookies<\/h3>\n<p style=\"text-align: justify;\">L&rsquo;utilisateur peut choisir les cookies \u00e0 accepter ou \u00e0 refuser \u00e0 partir de notre panneau de configuration des cookies:<\/p>\n<p style=\"text-align: center;\"><a id=\"wt-cli-reject-btn\" tabindex=\"0\" role='button' style=\"margin:5px 5px 5px 5px; border-radius:0; padding:8px 25px 8px 25px;\"  class=\"wt-cli-element medium cli-plugin-button cli-plugin-main-button cookie_action_close_header_reject cli_action_button\"  data-cli_action=\"reject\">REJETER COOKIES<\/a><a id=\"wt-cli-accept-btn\" tabindex=\"0\" role='button' style=\"margin:5px 5px 5px 30px; border-radius:0; padding:8px 25px 8px 25px;\" data-cli_action=\"accept\"  class=\"wt-cli-element medium cli-plugin-button cli-plugin-main-button cookie_action_close_header cli_action_button\" >ACCEPTER COOKIES<\/a><a id=\"wt-cli-settings-btn\" tabindex=\"0\" role='button' style=\"border-bottom:1px solid; text-decoration:none; text-decoration:none;\" class=\"wt-cli-element medium cli-plugin-button cli-plugin-main-button cli_settings_button\" >CONFIGURER LES COOKIES<\/a>\n<p style=\"text-align: justify;\">Le fait de refuser les cookies ne constitue pas un obstacle \u00e0 l&rsquo;acc\u00e8s au contenu de ce site, bien que l&rsquo;utilisation de certains services puisse \u00eatre limit\u00e9e.<\/p>\n<p style=\"text-align: justify;\">L&rsquo;utilisateur peut restreindre, bloquer ou supprimer tout ou partie des cookies install\u00e9s sur son ordinateur en configurant les options du navigateur install\u00e9es sur son ordinateur ou appareil. Si une fois le consentement accord\u00e9 pour la r\u00e9ception des cookies, il est souhait\u00e9 de le retirer, ceux stock\u00e9s sur l&rsquo;ordinateur de l&rsquo;utilisateur doivent \u00eatre \u00e9limin\u00e9s, via les options des diff\u00e9rents navigateurs. Dans chaque navigateur, le fonctionnement est diff\u00e9rent:<\/p>\n<ul>\n<li><strong>Internet Explorer:<\/strong> <em> Outils &gt; Options Internet &gt; Confidentialit\u00e9<\/em><\/li>\n<li><strong>Firefox:<\/strong><em>Outils &gt; Options &gt; Confidentialit\u00e9 &gt; Historique &gt; Param\u00e8tres personnalis\u00e9s<\/em><\/li>\n<li><strong>Chrome:<\/strong> <em>Param\u00e8tres &gt; Afficher les param\u00e8tres avanc\u00e9s &gt; Confidentialit\u00e9 &gt; Param\u00e8tres de contenu<\/em><\/li>\n<li><strong>Safari:<\/strong> <em>Pr\u00e9f\u00e9rences &gt; S\u00e9curit\u00e9<\/em><\/li>\n<li><strong>Opera:<\/strong> <em>Configuration<\/em><\/li>\n<li><strong>Microsoft Edge:<\/strong> <em>Param\u00e8tres &gt; Autorisations du site &gt; Cookies et donn\u00e9es de site<\/em><\/li>\n<\/ul>\n<p>Si vous avez des questions sur cette politique de cookies, vous pouvez nous contacter: <strong><a href=\"mailto:cuinesdaro@hotmail.com\">cuinesdaro@hotmail.com<\/a><\/strong>","protected":false},"excerpt":{"rendered":"<p>Notre site Internet utilise une technologie appel\u00e9e \u00ab\u00a0cookie\u00ab\u00a0, afin d&rsquo;obtenir des informations sur l&rsquo;utilisation du site Internet, d&rsquo;am\u00e9liorer l&rsquo;exp\u00e9rience utilisateur et d&rsquo;assurer son bon fonctionnement. D\u00e9finition des cookies Un \u00ab\u00a0cookie\u00a0\u00bb est un petit texte que les sites Web envoient au navigateur et qui est stock\u00e9 dans le terminal de l&rsquo;utilisateur (ordinateur ou appareil mobile). Ces fichiers sont destin\u00e9s \u00e0 stocker des donn\u00e9es pouvant \u00eatre mises \u00e0 jour et r\u00e9cup\u00e9r\u00e9es par l&rsquo;entit\u00e9 responsable de son installation. Ainsi, chaque fois que l&rsquo;utilisateur visite \u00e0 nouveau le m\u00eame site Web, le navigateur r\u00e9cup\u00e8re le fichier et l&rsquo;envoie au serveur du site Web. Les&#8230; <\/p>\n","protected":false},"author":1,"featured_media":0,"parent":0,"menu_order":0,"comment_status":"closed","ping_status":"closed","template":"","meta":{"footnotes":""},"class_list":["post-202","page","type-page","status-publish","hentry"],"_links":{"self":[{"href":"https:\/\/www.cuinesdaro.com\/fr\/wp-json\/wp\/v2\/pages\/202","targetHints":{"allow":["GET"]}}],"collection":[{"href":"https:\/\/www.cuinesdaro.com\/fr\/wp-json\/wp\/v2\/pages"}],"about":[{"href":"https:\/\/www.cuinesdaro.com\/fr\/wp-json\/wp\/v2\/types\/page"}],"author":[{"embeddable":true,"href":"https:\/\/www.cuinesdaro.com\/fr\/wp-json\/wp\/v2\/users\/1"}],"replies":[{"embeddable":true,"href":"https:\/\/www.cuinesdaro.com\/fr\/wp-json\/wp\/v2\/comments?post=202"}],"version-history":[{"count":0,"href":"https:\/\/www.cuinesdaro.com\/fr\/wp-json\/wp\/v2\/pages\/202\/revisions"}],"wp:attachment":[{"href":"https:\/\/www.cuinesdaro.com\/fr\/wp-json\/wp\/v2\/media?parent=202"}],"curies":[{"name":"wp","href":"https:\/\/api.w.org\/{rel}","templated":true}]}}